{"id":778,"date":"2017-06-24T17:54:42","date_gmt":"2017-06-24T16:54:42","guid":{"rendered":"http:\/\/polegaresaintremy.fr\/cms1\/?page_id=778"},"modified":"2025-12-31T18:19:15","modified_gmt":"2025-12-31T17:19:15","slug":"conseil-dadministration","status":"publish","type":"page","link":"https:\/\/polegaresaintremy.fr\/cms1\/index.php\/accueil\/le-collectif-qui-sommes-nous\/conseil-dadministration\/","title":{"rendered":"Conseil d&rsquo;Administration"},"content":{"rendered":"<div class=\"pdfprnt-buttons pdfprnt-buttons-page pdfprnt-top-right\"><a href=\"https:\/\/polegaresaintremy.fr\/cms1\/index.php\/wp-json\/wp\/v2\/pages\/778?print=pdf\" class=\"pdfprnt-button pdfprnt-button-pdf\" target=\"_blank\"><img src=\"http:\/\/polegaresaintremy.fr\/cms1\/wp-content\/plugins\/pdf-print\/images\/pdf.png\" alt=\"image_pdf\" title=\"View PDF\" \/><\/a><a href=\"https:\/\/polegaresaintremy.fr\/cms1\/index.php\/wp-json\/wp\/v2\/pages\/778?print=print\" class=\"pdfprnt-button pdfprnt-button-print\" target=\"_blank\"><img src=\"http:\/\/polegaresaintremy.fr\/cms1\/wp-content\/plugins\/pdf-print\/images\/print.png\" alt=\"image_print\" title=\"Print Content\" \/><\/a><\/div>\n<h3 class=\"wp-block-heading\">Liste des membres de notre Conseil d&rsquo;administration :<\/h3>\n\n\n<ul>\n<li>Mme Dominique DUCOUT<\/li>\n<li>Mme Brigitte TOUBLANT (Tr\u00e9sori\u00e8re)<\/li>\n<li>M. Yohann PETILLON (Pr\u00e9sident)<\/li>\n<li>M. Jean-Pierre ROMEUF (Secr\u00e9taire)<\/li>\n<li>M. Daniel CALINAUD (Vice pr\u00e9sident)<\/li>\n<li><a href=\"http:\/\/www.amis-parc-chevreuse.org\/\">&lsquo;L&rsquo;<strong>U<\/strong>nion des <strong>A<\/strong>mis du <strong>P<\/strong>arc R\u00e9gional de la Haute Vall\u00e9e de Chevreuse&rsquo;<\/a><\/li>\n<li>&lsquo;<a href=\"https:\/\/assorerb.jimdofree.com\/\"><strong>Co<\/strong>mit\u00e9 des <strong>U<\/strong>sagers du <strong>R<\/strong>ER <strong>B<\/strong><\/a>&lsquo;<\/li>\n<li>&lsquo;<a href=\"http:\/\/www.vhsr.fr\/\"><strong>V<\/strong>ivre les <strong>H<\/strong>auts de <strong>S<\/strong>aint <strong>R<\/strong>\u00e9my<\/a>&lsquo;<\/li>\n<li>&lsquo;<a href=\"https:\/\/www.epac-saint-remy78470.fr\/\"><strong>E<\/strong>nsemble <strong>P<\/strong>our un <strong>A<\/strong>utre <strong>C<\/strong>oeur de ville<\/a>&lsquo;<\/li>\n<li>&lsquo;Riverains RER B Saint-R\u00e9my&rsquo;<\/li>\n<li><a href=\"https:\/\/www.ahqr.org\/\">&lsquo;L&rsquo;<strong>A<\/strong>ssociation des <strong>H<\/strong>abitants du <strong>Q<\/strong>uartier du <strong>R<\/strong>hodon&rsquo;<\/a><\/li>\n<li><a href=\"http:\/\/www.association-beausejour.org\/\">&lsquo;L&rsquo;Association des habitants de Beaus\u00e9jour&rsquo;<\/a><\/li>\n<\/ul>\n\n\n<h3 class=\"wp-block-heading\">Comptes-rendus des derni\u00e8res assembl\u00e9es g\u00e9n\u00e9rales<\/h3>\n\n\n\n<ul>\n<li><a href=\"http:\/\/polegaresaintremy.fr\/cms1\/wp-content\/uploads\/2025\/12\/251203-PV-AG-Annuelle-CPGSR_v1.pdf\">3\/12\/2025 CR AG annuelle<\/a> et <a href=\"http:\/\/polegaresaintremy.fr\/cms1\/wp-content\/uploads\/2025\/12\/251203_AG_annuelle_v1.pdf\">pr\u00e9sentation<\/a>. Les 10 ans en <a href=\"http:\/\/polegaresaintremy.fr\/cms1\/wp-content\/uploads\/2025\/12\/251203_10ans_du_collectif.pdf\" data-type=\"URL\" data-id=\"http:\/\/polegaresaintremy.fr\/cms1\/wp-content\/uploads\/2025\/12\/251203_10ans_du_collectif.pdf\">images<\/a><\/li>\n\n\n\n<li><a href=\"http:\/\/polegaresaintremy.fr\/cms1\/wp-content\/uploads\/2025\/01\/241211-PV-AG-Annuelle-CPGSR_v1.pdf\">11\/12\/2024 CR AG annuelle<\/a> et <a href=\"https:\/\/polegaresaintremy.fr\/cms1\/wp-content\/uploads\/2025\/01\/241211_AG_annuelle_v2.pdf\">pr\u00e9sentation<\/a><\/li>\n\n\n\n<li><a rel=\"noreferrer noopener\" href=\"http:\/\/polegaresaintremy.fr\/cms1\/wp-content\/uploads\/2023\/12\/231129-PV-AG-Annuelle-CPGSR_v1.pdf\" target=\"_blank\">29\/11\/2023 CR AG annuelle<\/a> et <a rel=\"noreferrer noopener\" href=\"http:\/\/polegaresaintremy.fr\/cms1\/wp-content\/uploads\/2023\/12\/231129_AG_annuelle_v2.pdf\" target=\"_blank\">pr\u00e9sentation<\/a><\/li>\n\n\n\n<li><a href=\"http:\/\/polegaresaintremy.fr\/cms1\/wp-content\/uploads\/2022\/12\/221128-PV-AG-Annuelle-CPGSR_v1.pdf\" data-type=\"URL\" data-id=\"http:\/\/polegaresaintremy.fr\/cms1\/wp-content\/uploads\/2022\/12\/221128-PV-AG-Annuelle-CPGSR_v1.pdf\">28\/11\/2022 CR AG annuelle<\/a> et <a href=\"http:\/\/polegaresaintremy.fr\/cms1\/wp-content\/uploads\/2022\/12\/221128_AG_annuelle_v2.pdf\" data-type=\"URL\" data-id=\"http:\/\/polegaresaintremy.fr\/cms1\/wp-content\/uploads\/2022\/12\/221128_AG_annuelle_v2.pdf\">pr\u00e9sentation<\/a><\/li>\n\n\n\n<li><a href=\"http:\/\/polegaresaintremy.fr\/cms1\/wp-content\/uploads\/2022\/01\/211215-PV-AG-Annuelle-CPGSR_v3.pdf\" data-type=\"URL\" data-id=\"http:\/\/polegaresaintremy.fr\/cms1\/wp-content\/uploads\/2022\/01\/211215-PV-AG-Annuelle-CPGSR_v3.pdf\">15\/12\/2021 CR AG annuelle<\/a> et <a href=\"http:\/\/polegaresaintremy.fr\/cms1\/wp-content\/uploads\/2022\/01\/211215_AG_annuelle_v2.pdf\">pr\u00e9sentation<\/a><\/li>\n\n\n\n<li><a href=\"http:\/\/polegaresaintremy.fr\/cms1\/wp-content\/uploads\/2021\/09\/201128-PV-AG-Annuelle-CPGSR.pdf\">28\/11\/2020 CR AG annuelle<\/a> et <a href=\"http:\/\/polegaresaintremy.fr\/cms1\/wp-content\/uploads\/2021\/09\/AG_annuelle_28112020.pdf\">pr\u00e9sentation<\/a><\/li>\n\n\n\n<li><a href=\"http:\/\/polegaresaintremy.fr\/cms1\/wp-content\/uploads\/2021\/09\/191016-AG-Annuelle-CPGSR-PV-v2.pdf\">16\/10\/2019 CR AG annuelle<\/a> et <a href=\"http:\/\/polegaresaintremy.fr\/cms1\/wp-content\/uploads\/2021\/09\/AG_annuelle_2019_v3.pdf\">pr\u00e9sentation<\/a><\/li>\n\n\n\n<li><a href=\"http:\/\/polegaresaintremy.fr\/cms1\/wp-content\/uploads\/2021\/09\/20180912-AG-Annuelle-CPGSR-PV-v4-1.pdf\">12\/09\/2018 CR AG annuelle<\/a> et <a href=\"http:\/\/polegaresaintremy.fr\/cms1\/wp-content\/uploads\/2021\/09\/AG_annuelle_2018-v5.pdf\">pr\u00e9sentation<\/a><\/li>\n\n\n\n<li><a href=\"http:\/\/polegaresaintremy.fr\/cms1\/wp-content\/uploads\/2021\/09\/20170614_pv_ag_Elective.pdf\">14\/06\/2017 CR AG \u00e9lective<\/a> et <a href=\"http:\/\/polegaresaintremy.fr\/cms1\/wp-content\/uploads\/2021\/09\/Pres-AG-2017-06-14-1-CG.pdf\">pr\u00e9sentation<\/a><\/li>\n\n\n\n<li><a href=\"http:\/\/polegaresaintremy.fr\/cms1\/wp-content\/uploads\/2021\/09\/PV-AG-constitutive-170608.pdf\">08\/06\/2017 CR AG constitutive<\/a><\/li>\n<\/ul>\n","protected":false},"excerpt":{"rendered":"<p>Liste des membres de notre Conseil d&rsquo;administration : Mme Dominique DUCOUT Mme Brigitte TOUBLANT (Tr\u00e9sori\u00e8re) M. Yohann PETILLON (Pr\u00e9sident) M. Jean-Pierre ROMEUF (Secr\u00e9taire) M. Daniel CALINAUD (Vice pr\u00e9sident) &lsquo;L&rsquo;Union des Amis du Parc R\u00e9gional de la Haute Vall\u00e9e de Chevreuse&rsquo; &lsquo;Comit\u00e9 des Usagers du RER B&lsquo; &lsquo;Vivre les Hauts de Saint R\u00e9my&lsquo; &lsquo;Ensemble Pour un &hellip; <a href=\"https:\/\/polegaresaintremy.fr\/cms1\/index.php\/accueil\/le-collectif-qui-sommes-nous\/conseil-dadministration\/\" class=\"more-link\">Continue reading <span class=\"screen-reader-text\">Conseil d&rsquo;Administration<\/span><\/a><\/p>\n","protected":false},"author":1,"featured_media":0,"parent":18,"menu_order":0,"comment_status":"closed","ping_status":"closed","template":"","meta":{"_bbp_topic_count":0,"_bbp_reply_count":0,"_bbp_total_topic_count":0,"_bbp_total_reply_count":0,"_bbp_voice_count":0,"_bbp_anonymous_reply_count":0,"_bbp_topic_count_hidden":0,"_bbp_reply_count_hidden":0,"_bbp_forum_subforum_count":0},"_links":{"self":[{"href":"https:\/\/polegaresaintremy.fr\/cms1\/index.php\/wp-json\/wp\/v2\/pages\/778"}],"collection":[{"href":"https:\/\/polegaresaintremy.fr\/cms1\/index.php\/wp-json\/wp\/v2\/pages"}],"about":[{"href":"https:\/\/polegaresaintremy.fr\/cms1\/index.php\/wp-json\/wp\/v2\/types\/page"}],"author":[{"embeddable":true,"href":"https:\/\/polegaresaintremy.fr\/cms1\/index.php\/wp-json\/wp\/v2\/users\/1"}],"replies":[{"embeddable":true,"href":"https:\/\/polegaresaintremy.fr\/cms1\/index.php\/wp-json\/wp\/v2\/comments?post=778"}],"version-history":[{"count":20,"href":"https:\/\/polegaresaintremy.fr\/cms1\/index.php\/wp-json\/wp\/v2\/pages\/778\/revisions"}],"predecessor-version":[{"id":19789,"href":"https:\/\/polegaresaintremy.fr\/cms1\/index.php\/wp-json\/wp\/v2\/pages\/778\/revisions\/19789"}],"up":[{"embeddable":true,"href":"https:\/\/polegaresaintremy.fr\/cms1\/index.php\/wp-json\/wp\/v2\/pages\/18"}],"wp:attachment":[{"href":"https:\/\/polegaresaintremy.fr\/cms1\/index.php\/wp-json\/wp\/v2\/media?parent=778"}],"curies":[{"name":"wp","href":"https:\/\/api.w.org\/{rel}","templated":true}]}}