{"id":57,"date":"2015-11-01T17:38:16","date_gmt":"2015-11-01T16:38:16","guid":{"rendered":"http:\/\/polegaresaintremy.fr\/cms1\/?page_id=57"},"modified":"2021-01-08T21:21:43","modified_gmt":"2021-01-08T20:21:43","slug":"projet-ratp-documents-officiels","status":"publish","type":"page","link":"https:\/\/polegaresaintremy.fr\/cms1\/index.php\/accueil\/le-projet-actuel-en-une-image-cliquer-pour-agrandir\/projet-ratp-documents-officiels\/","title":{"rendered":"Projet RATP &#8211; Documents officiels"},"content":{"rendered":"<div class=\"pdfprnt-buttons pdfprnt-buttons-page pdfprnt-top-right\"><a href=\"https:\/\/polegaresaintremy.fr\/cms1\/index.php\/wp-json\/wp\/v2\/pages\/57?print=pdf\" class=\"pdfprnt-button pdfprnt-button-pdf\" target=\"_blank\"><img src=\"http:\/\/polegaresaintremy.fr\/cms1\/wp-content\/plugins\/pdf-print\/images\/pdf.png\" alt=\"image_pdf\" title=\"View PDF\" \/><\/a><a href=\"https:\/\/polegaresaintremy.fr\/cms1\/index.php\/wp-json\/wp\/v2\/pages\/57?print=print\" class=\"pdfprnt-button pdfprnt-button-print\" target=\"_blank\"><img src=\"http:\/\/polegaresaintremy.fr\/cms1\/wp-content\/plugins\/pdf-print\/images\/print.png\" alt=\"image_print\" title=\"Print Content\" \/><\/a><\/div><p>Documents officiels importants extraits des sites r\u00e9f\u00e9renc\u00e9s\u00a0 :<\/p>\n<ul>\n<li><a href=\"http:\/\/polegaresaintremy.fr\/cms1\/wp-content\/uploads\/2021\/01\/N225AVP_St_Remy.pdf\">2019-03 &#8211; Description de l&rsquo;avant-projet phase 2<\/a><\/li>\n<li><a href=\"http:\/\/polegaresaintremy.fr\/cms1\/wp-content\/uploads\/2017\/09\/20170322-D%C3%A9lib%C3%A9ration-ph2-N143-144R-SD-RERBSud.pdf\" target=\"_blank\" rel=\"noopener noreferrer\">2017-03 &#8211; D\u00e9lib\u00e9ration ph2 &#8211; N143-144R-SD-RERBSud<\/a><\/li>\n<li><a href=\"http:\/\/polegaresaintremy.fr\/cms1\/wp-content\/uploads\/2017\/09\/20170322-D\u00e9lib\u00e9ration-ph2-n144d-stremy.pdf\" target=\"_blank\" rel=\"noopener noreferrer\">2017-03 &#8211; D\u00e9lib\u00e9ration ph2 &#8211; n144d-stremy<\/a><\/li>\n<\/ul>\n<p><em>Sch\u00e9ma Directeur RERB :<\/em><\/p>\n<ul>\n<li><a href=\"http:\/\/polegaresaintremy.fr\/cms1\/wp-content\/uploads\/2015\/11\/2015-06-029-260-4-AVP-Remy-2015-06-ph1.pdf\" target=\"_blank\" rel=\"noopener noreferrer\">2015-06 &#8211; Premi\u00e8res op\u00e9rations RER B &#8211; Etudes d\u2019AVP (Phase 1)\u00a0<\/a><\/li>\n<li><a href=\"http:\/\/polegaresaintremy.fr\/cms1\/wp-content\/uploads\/2015\/11\/2013-04-022-172-extraits_schema_directeur.pdf\" target=\"_blank\" rel=\"noopener noreferrer\">2013-04 &#8211; Sch\u00e9ma Directeur RERB &#8211; extraits concernants Saint-R\u00e9my<\/a><\/li>\n<\/ul>\n<p><em>Pr\u00e9sentations RATP \u00e0 Saint R\u00e9my<br \/>\n<\/em><\/p>\n<ul>\n<li><a href=\"http:\/\/polegaresaintremy.fr\/cms1\/wp-content\/uploads\/2016\/01\/2015-11-04-SDLB_Saint-R\u00e9my_Etudes_en_cours_04_novembre_2015_V2.pdf\" target=\"_blank\" rel=\"noopener noreferrer\">2015-11 &#8211; RATP Pr\u00e9sentation \u00ab\u00a0Etudes d&rsquo;insertions de la phase 2\u00a0\u00bb<\/a><\/li>\n<li><a href=\"http:\/\/polegaresaintremy.fr\/cms1\/wp-content\/uploads\/2015\/11\/2015-06-003-SR1_2_presentation_mairie_1506161.pdf\" target=\"_blank\" rel=\"noopener noreferrer\">2015-06 &#8211; RATP Pr\u00e9sentation lancement de l&rsquo;AVP phase 1 \u00e0 Saint-R\u00e9my<\/a><\/li>\n<li><a href=\"http:\/\/www.ratp.fr\/fr\/ratp\/r_122192\/concertation-ligne-b-saint-remy-les-chevreuse\/\" target=\"_blank\" rel=\"noopener noreferrer\">2015-01 &#8211; RATP Concertation jan-2015 (bilan)<\/a><\/li>\n<\/ul>\n","protected":false},"excerpt":{"rendered":"<p>Documents officiels importants extraits des sites r\u00e9f\u00e9renc\u00e9s\u00a0 : 2019-03 &#8211; Description de l&rsquo;avant-projet phase 2 2017-03 &#8211; D\u00e9lib\u00e9ration ph2 &#8211; N143-144R-SD-RERBSud 2017-03 &#8211; D\u00e9lib\u00e9ration ph2 &#8211; n144d-stremy Sch\u00e9ma Directeur RERB : 2015-06 &#8211; Premi\u00e8res op\u00e9rations RER B &#8211; Etudes d\u2019AVP (Phase 1)\u00a0 2013-04 &#8211; Sch\u00e9ma Directeur RERB &#8211; extraits concernants Saint-R\u00e9my Pr\u00e9sentations RATP \u00e0 Saint &hellip; <a href=\"https:\/\/polegaresaintremy.fr\/cms1\/index.php\/accueil\/le-projet-actuel-en-une-image-cliquer-pour-agrandir\/projet-ratp-documents-officiels\/\" class=\"more-link\">Continue reading <span class=\"screen-reader-text\">Projet RATP &#8211; Documents officiels<\/span><\/a><\/p>\n","protected":false},"author":1,"featured_media":0,"parent":47,"menu_order":0,"comment_status":"closed","ping_status":"closed","template":"","meta":{"_bbp_topic_count":0,"_bbp_reply_count":0,"_bbp_total_topic_count":0,"_bbp_total_reply_count":0,"_bbp_voice_count":0,"_bbp_anonymous_reply_count":0,"_bbp_topic_count_hidden":0,"_bbp_reply_count_hidden":0,"_bbp_forum_subforum_count":0},"_links":{"self":[{"href":"https:\/\/polegaresaintremy.fr\/cms1\/index.php\/wp-json\/wp\/v2\/pages\/57"}],"collection":[{"href":"https:\/\/polegaresaintremy.fr\/cms1\/index.php\/wp-json\/wp\/v2\/pages"}],"about":[{"href":"https:\/\/polegaresaintremy.fr\/cms1\/index.php\/wp-json\/wp\/v2\/types\/page"}],"author":[{"embeddable":true,"href":"https:\/\/polegaresaintremy.fr\/cms1\/index.php\/wp-json\/wp\/v2\/users\/1"}],"replies":[{"embeddable":true,"href":"https:\/\/polegaresaintremy.fr\/cms1\/index.php\/wp-json\/wp\/v2\/comments?post=57"}],"version-history":[{"count":13,"href":"https:\/\/polegaresaintremy.fr\/cms1\/index.php\/wp-json\/wp\/v2\/pages\/57\/revisions"}],"predecessor-version":[{"id":1261,"href":"https:\/\/polegaresaintremy.fr\/cms1\/index.php\/wp-json\/wp\/v2\/pages\/57\/revisions\/1261"}],"up":[{"embeddable":true,"href":"https:\/\/polegaresaintremy.fr\/cms1\/index.php\/wp-json\/wp\/v2\/pages\/47"}],"wp:attachment":[{"href":"https:\/\/polegaresaintremy.fr\/cms1\/index.php\/wp-json\/wp\/v2\/media?parent=57"}],"curies":[{"name":"wp","href":"https:\/\/api.w.org\/{rel}","templated":true}]}}