{"id":47,"date":"2015-11-01T16:43:37","date_gmt":"2015-11-01T15:43:37","guid":{"rendered":"http:\/\/polegaresaintremy.fr\/cms1\/?page_id=47"},"modified":"2023-12-03T23:21:36","modified_gmt":"2023-12-03T22:21:36","slug":"le-projet-actuel-en-une-image-cliquer-pour-agrandir","status":"publish","type":"page","link":"https:\/\/polegaresaintremy.fr\/cms1\/index.php\/accueil\/le-projet-actuel-en-une-image-cliquer-pour-agrandir\/","title":{"rendered":"Le projet actuel en images"},"content":{"rendered":"<div class=\"pdfprnt-buttons pdfprnt-buttons-page pdfprnt-top-right\"><a href=\"https:\/\/polegaresaintremy.fr\/cms1\/index.php\/wp-json\/wp\/v2\/pages\/47?print=pdf\" class=\"pdfprnt-button pdfprnt-button-pdf\" target=\"_blank\"><img src=\"http:\/\/polegaresaintremy.fr\/cms1\/wp-content\/plugins\/pdf-print\/images\/pdf.png\" alt=\"image_pdf\" title=\"View PDF\" \/><\/a><a href=\"https:\/\/polegaresaintremy.fr\/cms1\/index.php\/wp-json\/wp\/v2\/pages\/47?print=print\" class=\"pdfprnt-button pdfprnt-button-print\" target=\"_blank\"><img src=\"http:\/\/polegaresaintremy.fr\/cms1\/wp-content\/plugins\/pdf-print\/images\/print.png\" alt=\"image_print\" title=\"Print Content\" \/><\/a><\/div><p><b>Vue sch\u00e9matique :<\/b><\/p>\n<p><a href=\"http:\/\/polegaresaintremy.fr\/cms1\/wp-content\/uploads\/2023\/12\/231129_Schema-projet-RATP.jpg\"><img decoding=\"async\" loading=\"lazy\" class=\"alignnone  wp-image-7334\" src=\"http:\/\/polegaresaintremy.fr\/cms1\/wp-content\/uploads\/2023\/12\/231129_Schema-projet-RATP-300x134.jpg\" alt=\"\" width=\"730\" height=\"326\" srcset=\"https:\/\/polegaresaintremy.fr\/cms1\/wp-content\/uploads\/2023\/12\/231129_Schema-projet-RATP-300x134.jpg 300w, https:\/\/polegaresaintremy.fr\/cms1\/wp-content\/uploads\/2023\/12\/231129_Schema-projet-RATP-1024x456.jpg 1024w, https:\/\/polegaresaintremy.fr\/cms1\/wp-content\/uploads\/2023\/12\/231129_Schema-projet-RATP-768x342.jpg 768w, https:\/\/polegaresaintremy.fr\/cms1\/wp-content\/uploads\/2023\/12\/231129_Schema-projet-RATP.jpg 1360w\" sizes=\"(max-width: 730px) 100vw, 730px\" \/><\/a><\/p>\n<p><strong>Vue projet\u00e9e avec l&rsquo;ensemble des murs pr\u00e9vus :<\/strong><\/p>\n<p><a href=\"http:\/\/polegaresaintremy.fr\/cms1\/wp-content\/uploads\/2023\/12\/231203_murs.jpg\"><img decoding=\"async\" loading=\"lazy\" class=\"alignnone  wp-image-7332\" src=\"http:\/\/polegaresaintremy.fr\/cms1\/wp-content\/uploads\/2023\/12\/231203_murs-300x139.jpg\" alt=\"\" width=\"721\" height=\"334\" srcset=\"https:\/\/polegaresaintremy.fr\/cms1\/wp-content\/uploads\/2023\/12\/231203_murs-300x139.jpg 300w, https:\/\/polegaresaintremy.fr\/cms1\/wp-content\/uploads\/2023\/12\/231203_murs-1024x474.jpg 1024w, https:\/\/polegaresaintremy.fr\/cms1\/wp-content\/uploads\/2023\/12\/231203_murs-768x355.jpg 768w, https:\/\/polegaresaintremy.fr\/cms1\/wp-content\/uploads\/2023\/12\/231203_murs.jpg 1215w\" sizes=\"(max-width: 721px) 100vw, 721px\" \/><\/a><\/p>\n<p><strong>L&rsquo;illustration en vid\u00e9o :<\/strong><\/p>\n<p><iframe loading=\"lazy\" src=\"\/\/player.vimeo.com\/video\/253338686?title=0&amp;amp;byline=0\" width=\"640\" height=\"360\" frameborder=\"0\" allowfullscreen=\"allowfullscreen\" data-mce-fragment=\"1\"><\/iframe><\/p>\n<p>Source video :<a href=\"http:\/\/www.saintremyenvironnement.fr\/projetratp.html\" target=\"_blank\" rel=\"noopener noreferrer\"> http:\/\/www.saintremyenvironnement.fr\/projetratp.html<\/a><\/p>\n<ul>\n<li style=\"text-align: justify;\"><a href=\"http:\/\/polegaresaintremy.fr\/cms1\/index.php\/accueil\/le-projet-actuel-en-une-image-cliquer-pour-agrandir\/projet-ratp-documents-officiels\/\">Documents officiels<\/a><\/li>\n<li style=\"text-align: justify;\"><a href=\"http:\/\/polegaresaintremy.fr\/cms1\/index.php\/2015\/11\/04\/lavis-du-collectif-sur-le-projet-ratp\/\">L&rsquo;avis du collectif <\/a><\/li>\n<li style=\"text-align: justify;\"><strong><span style=\"color: #008000;\"><a style=\"color: #008000;\" href=\"http:\/\/polegaresaintremy.fr\/cms1\/index.php\/2016\/06\/18\/367\/\" target=\"_blank\" rel=\"noopener noreferrer\">L&rsquo;avis consolid\u00e9 en r\u00e9union publique du 14-06-2016<\/a><\/span><\/strong><\/li>\n<\/ul>\n","protected":false},"excerpt":{"rendered":"<p>Vue sch\u00e9matique : Vue projet\u00e9e avec l&rsquo;ensemble des murs pr\u00e9vus : L&rsquo;illustration en vid\u00e9o : Source video : http:\/\/www.saintremyenvironnement.fr\/projetratp.html Documents officiels L&rsquo;avis du collectif L&rsquo;avis consolid\u00e9 en r\u00e9union publique du 14-06-2016<\/p>\n","protected":false},"author":1,"featured_media":0,"parent":2,"menu_order":10,"comment_status":"closed","ping_status":"closed","template":"","meta":{"_bbp_topic_count":0,"_bbp_reply_count":0,"_bbp_total_topic_count":0,"_bbp_total_reply_count":0,"_bbp_voice_count":0,"_bbp_anonymous_reply_count":0,"_bbp_topic_count_hidden":0,"_bbp_reply_count_hidden":0,"_bbp_forum_subforum_count":0},"_links":{"self":[{"href":"https:\/\/polegaresaintremy.fr\/cms1\/index.php\/wp-json\/wp\/v2\/pages\/47"}],"collection":[{"href":"https:\/\/polegaresaintremy.fr\/cms1\/index.php\/wp-json\/wp\/v2\/pages"}],"about":[{"href":"https:\/\/polegaresaintremy.fr\/cms1\/index.php\/wp-json\/wp\/v2\/types\/page"}],"author":[{"embeddable":true,"href":"https:\/\/polegaresaintremy.fr\/cms1\/index.php\/wp-json\/wp\/v2\/users\/1"}],"replies":[{"embeddable":true,"href":"https:\/\/polegaresaintremy.fr\/cms1\/index.php\/wp-json\/wp\/v2\/comments?post=47"}],"version-history":[{"count":31,"href":"https:\/\/polegaresaintremy.fr\/cms1\/index.php\/wp-json\/wp\/v2\/pages\/47\/revisions"}],"predecessor-version":[{"id":7336,"href":"https:\/\/polegaresaintremy.fr\/cms1\/index.php\/wp-json\/wp\/v2\/pages\/47\/revisions\/7336"}],"up":[{"embeddable":true,"href":"https:\/\/polegaresaintremy.fr\/cms1\/index.php\/wp-json\/wp\/v2\/pages\/2"}],"wp:attachment":[{"href":"https:\/\/polegaresaintremy.fr\/cms1\/index.php\/wp-json\/wp\/v2\/media?parent=47"}],"curies":[{"name":"wp","href":"https:\/\/api.w.org\/{rel}","templated":true}]}}