{"id":446,"date":"2016-09-04T22:29:01","date_gmt":"2016-09-04T21:29:01","guid":{"rendered":"http:\/\/polegaresaintremy.fr\/cms1\/?page_id=446"},"modified":"2023-10-08T21:41:00","modified_gmt":"2023-10-08T20:41:00","slug":"446-2","status":"publish","type":"page","link":"https:\/\/polegaresaintremy.fr\/cms1\/index.php\/accueil\/le-projet-actuel-en-une-image-cliquer-pour-agrandir\/446-2\/","title":{"rendered":"Illustration de la Phase 2"},"content":{"rendered":"<div class=\"pdfprnt-buttons pdfprnt-buttons-page pdfprnt-top-right\"><a href=\"https:\/\/polegaresaintremy.fr\/cms1\/index.php\/wp-json\/wp\/v2\/pages\/446?print=pdf\" class=\"pdfprnt-button pdfprnt-button-pdf\" target=\"_blank\"><img src=\"http:\/\/polegaresaintremy.fr\/cms1\/wp-content\/plugins\/pdf-print\/images\/pdf.png\" alt=\"image_pdf\" title=\"View PDF\" \/><\/a><a href=\"https:\/\/polegaresaintremy.fr\/cms1\/index.php\/wp-json\/wp\/v2\/pages\/446?print=print\" class=\"pdfprnt-button pdfprnt-button-print\" target=\"_blank\"><img src=\"http:\/\/polegaresaintremy.fr\/cms1\/wp-content\/plugins\/pdf-print\/images\/print.png\" alt=\"image_print\" title=\"Print Content\" \/><\/a><\/div><p><strong>Plan de cette page :<\/strong><\/p>\n<ol>\n<li>Rappel de la phase 2 dans l&rsquo;ensemble des projets de la RATP<\/li>\n<li>Illustration des impacts vu du ciel<\/li>\n<li>Vues locales le long de la rue Ditte \u00e0 partir des sections publiques et de l&rsquo;existant<\/li>\n<li>Illustration de la pr\u00e9sence d&rsquo;un train en face de Jean-Racine (voies 10 et 12)<\/li>\n<li>Illustration d&rsquo;un train au bout de la rue Ditte (voie 4T)<\/li>\n<li>Et au fait&#8230; les trains seront aussi gar\u00e9s l\u00e0 en journ\u00e9e pendant les WE et cong\u00e9s<\/li>\n<\/ol>\n<h3><span style=\"color: #008000;\">1. Rappel, dans l&rsquo;ensemble des projets de la RATP, de la phase 2 en <\/span><span style=\"color: #008000;\"><span style=\"color: #ff0000;\">rouge<\/span><\/span><\/h3>\n<p><a href=\"http:\/\/polegaresaintremy.fr\/cms1\/wp-content\/uploads\/2021\/01\/Schema_2019.jpg\"><img decoding=\"async\" loading=\"lazy\" class=\"alignnone size-full wp-image-1242\" src=\"http:\/\/polegaresaintremy.fr\/cms1\/wp-content\/uploads\/2021\/01\/Schema_2019.jpg\" alt=\"\" width=\"788\" height=\"336\" srcset=\"https:\/\/polegaresaintremy.fr\/cms1\/wp-content\/uploads\/2021\/01\/Schema_2019.jpg 788w, https:\/\/polegaresaintremy.fr\/cms1\/wp-content\/uploads\/2021\/01\/Schema_2019-300x128.jpg 300w, https:\/\/polegaresaintremy.fr\/cms1\/wp-content\/uploads\/2021\/01\/Schema_2019-768x327.jpg 768w\" sizes=\"(max-width: 788px) 100vw, 788px\" \/><\/a><\/p>\n<h3><span style=\"color: #008000;\"><strong>2. Impacts, d&rsquo;abord vu du CIEL :<\/strong><\/span><\/h3>\n<p><a href=\"http:\/\/polegaresaintremy.fr\/cms1\/wp-content\/uploads\/2016\/09\/20160614-RERB-Saint-R\u00e9my-mp_Page_17.png\" rel=\"attachment wp-att-437\"><img decoding=\"async\" loading=\"lazy\" class=\"alignnone size-full wp-image-437\" src=\"http:\/\/polegaresaintremy.fr\/cms1\/wp-content\/uploads\/2016\/09\/20160614-RERB-Saint-R\u00e9my-mp_Page_17.png\" alt=\"20160614-RERB-Saint-R\u00e9my-mp_Page_17\" width=\"2200\" height=\"1643\" srcset=\"https:\/\/polegaresaintremy.fr\/cms1\/wp-content\/uploads\/2016\/09\/20160614-RERB-Saint-R\u00e9my-mp_Page_17.png 2200w, https:\/\/polegaresaintremy.fr\/cms1\/wp-content\/uploads\/2016\/09\/20160614-RERB-Saint-R\u00e9my-mp_Page_17-300x224.png 300w, https:\/\/polegaresaintremy.fr\/cms1\/wp-content\/uploads\/2016\/09\/20160614-RERB-Saint-R\u00e9my-mp_Page_17-768x574.png 768w, https:\/\/polegaresaintremy.fr\/cms1\/wp-content\/uploads\/2016\/09\/20160614-RERB-Saint-R\u00e9my-mp_Page_17-1024x765.png 1024w\" sizes=\"(max-width: 2200px) 100vw, 2200px\" \/><\/a><a href=\"http:\/\/polegaresaintremy.fr\/cms1\/wp-content\/uploads\/2016\/09\/20160614-RERB-Saint-R\u00e9my-mp_Page_18.png\" rel=\"attachment wp-att-438\"><img decoding=\"async\" loading=\"lazy\" class=\"alignnone size-full wp-image-438\" src=\"http:\/\/polegaresaintremy.fr\/cms1\/wp-content\/uploads\/2016\/09\/20160614-RERB-Saint-R\u00e9my-mp_Page_18.png\" alt=\"20160614-RERB-Saint-R\u00e9my-mp_Page_18\" width=\"2200\" height=\"1643\" srcset=\"https:\/\/polegaresaintremy.fr\/cms1\/wp-content\/uploads\/2016\/09\/20160614-RERB-Saint-R\u00e9my-mp_Page_18.png 2200w, https:\/\/polegaresaintremy.fr\/cms1\/wp-content\/uploads\/2016\/09\/20160614-RERB-Saint-R\u00e9my-mp_Page_18-300x224.png 300w, https:\/\/polegaresaintremy.fr\/cms1\/wp-content\/uploads\/2016\/09\/20160614-RERB-Saint-R\u00e9my-mp_Page_18-768x574.png 768w, https:\/\/polegaresaintremy.fr\/cms1\/wp-content\/uploads\/2016\/09\/20160614-RERB-Saint-R\u00e9my-mp_Page_18-1024x765.png 1024w\" sizes=\"(max-width: 2200px) 100vw, 2200px\" \/><\/a><\/p>\n<h3><span style=\"color: #008000;\">3. Impacts &#8211; Vues locales le long de la rue Ditte \u00e0 partir des sections publiques et de l&rsquo;existant<\/span><\/h3>\n<p><a href=\"http:\/\/polegaresaintremy.fr\/cms1\/wp-content\/uploads\/2016\/09\/20160614-RERB-Saint-R\u00e9my-mp_Page_19.png\" rel=\"attachment wp-att-439\"><img decoding=\"async\" loading=\"lazy\" class=\"alignnone size-full wp-image-439\" src=\"http:\/\/polegaresaintremy.fr\/cms1\/wp-content\/uploads\/2016\/09\/20160614-RERB-Saint-R\u00e9my-mp_Page_19.png\" alt=\"20160614-RERB-Saint-R\u00e9my-mp_Page_19\" width=\"2200\" height=\"1643\" srcset=\"https:\/\/polegaresaintremy.fr\/cms1\/wp-content\/uploads\/2016\/09\/20160614-RERB-Saint-R\u00e9my-mp_Page_19.png 2200w, https:\/\/polegaresaintremy.fr\/cms1\/wp-content\/uploads\/2016\/09\/20160614-RERB-Saint-R\u00e9my-mp_Page_19-300x224.png 300w, https:\/\/polegaresaintremy.fr\/cms1\/wp-content\/uploads\/2016\/09\/20160614-RERB-Saint-R\u00e9my-mp_Page_19-768x574.png 768w, https:\/\/polegaresaintremy.fr\/cms1\/wp-content\/uploads\/2016\/09\/20160614-RERB-Saint-R\u00e9my-mp_Page_19-1024x765.png 1024w\" sizes=\"(max-width: 2200px) 100vw, 2200px\" \/><\/a><a href=\"http:\/\/polegaresaintremy.fr\/cms1\/wp-content\/uploads\/2016\/09\/20160614-RERB-Saint-R\u00e9my-mp_Page_20.png\" rel=\"attachment wp-att-440\"><img decoding=\"async\" loading=\"lazy\" class=\"alignnone size-full wp-image-440\" src=\"http:\/\/polegaresaintremy.fr\/cms1\/wp-content\/uploads\/2016\/09\/20160614-RERB-Saint-R\u00e9my-mp_Page_20.png\" alt=\"20160614-RERB-Saint-R\u00e9my-mp_Page_20\" width=\"2200\" height=\"1643\" srcset=\"https:\/\/polegaresaintremy.fr\/cms1\/wp-content\/uploads\/2016\/09\/20160614-RERB-Saint-R\u00e9my-mp_Page_20.png 2200w, https:\/\/polegaresaintremy.fr\/cms1\/wp-content\/uploads\/2016\/09\/20160614-RERB-Saint-R\u00e9my-mp_Page_20-300x224.png 300w, https:\/\/polegaresaintremy.fr\/cms1\/wp-content\/uploads\/2016\/09\/20160614-RERB-Saint-R\u00e9my-mp_Page_20-768x574.png 768w, https:\/\/polegaresaintremy.fr\/cms1\/wp-content\/uploads\/2016\/09\/20160614-RERB-Saint-R\u00e9my-mp_Page_20-1024x765.png 1024w\" sizes=\"(max-width: 2200px) 100vw, 2200px\" \/><\/a><\/p>\n<p><a href=\"http:\/\/polegaresaintremy.fr\/cms1\/wp-content\/uploads\/2016\/09\/20160614-RERB-Saint-R\u00e9my-mp_Page_21.png\" rel=\"attachment wp-att-441\"><img decoding=\"async\" loading=\"lazy\" class=\"alignnone size-full wp-image-441\" src=\"http:\/\/polegaresaintremy.fr\/cms1\/wp-content\/uploads\/2016\/09\/20160614-RERB-Saint-R\u00e9my-mp_Page_21.png\" alt=\"20160614-RERB-Saint-R\u00e9my-mp_Page_21\" width=\"2200\" height=\"1643\" srcset=\"https:\/\/polegaresaintremy.fr\/cms1\/wp-content\/uploads\/2016\/09\/20160614-RERB-Saint-R\u00e9my-mp_Page_21.png 2200w, https:\/\/polegaresaintremy.fr\/cms1\/wp-content\/uploads\/2016\/09\/20160614-RERB-Saint-R\u00e9my-mp_Page_21-300x224.png 300w, https:\/\/polegaresaintremy.fr\/cms1\/wp-content\/uploads\/2016\/09\/20160614-RERB-Saint-R\u00e9my-mp_Page_21-768x574.png 768w, https:\/\/polegaresaintremy.fr\/cms1\/wp-content\/uploads\/2016\/09\/20160614-RERB-Saint-R\u00e9my-mp_Page_21-1024x765.png 1024w\" sizes=\"(max-width: 2200px) 100vw, 2200px\" \/><\/a><\/p>\n<p><a href=\"http:\/\/polegaresaintremy.fr\/cms1\/wp-content\/uploads\/2016\/09\/20160614-RERB-Saint-R\u00e9my-mp_Page_22.png\" rel=\"attachment wp-att-442\"><img decoding=\"async\" loading=\"lazy\" class=\"alignnone size-full wp-image-442\" src=\"http:\/\/polegaresaintremy.fr\/cms1\/wp-content\/uploads\/2016\/09\/20160614-RERB-Saint-R\u00e9my-mp_Page_22.png\" alt=\"20160614-RERB-Saint-R\u00e9my-mp_Page_22\" width=\"2200\" height=\"1643\" srcset=\"https:\/\/polegaresaintremy.fr\/cms1\/wp-content\/uploads\/2016\/09\/20160614-RERB-Saint-R\u00e9my-mp_Page_22.png 2200w, https:\/\/polegaresaintremy.fr\/cms1\/wp-content\/uploads\/2016\/09\/20160614-RERB-Saint-R\u00e9my-mp_Page_22-300x224.png 300w, https:\/\/polegaresaintremy.fr\/cms1\/wp-content\/uploads\/2016\/09\/20160614-RERB-Saint-R\u00e9my-mp_Page_22-768x574.png 768w, https:\/\/polegaresaintremy.fr\/cms1\/wp-content\/uploads\/2016\/09\/20160614-RERB-Saint-R\u00e9my-mp_Page_22-1024x765.png 1024w\" sizes=\"(max-width: 2200px) 100vw, 2200px\" \/><\/a><\/p>\n<h3><span style=\"color: #008000;\">4. Illustration de la pr\u00e9sence d&rsquo;un train en face de Jean-Racine (voies 10 et 12)<\/span><\/h3>\n<p>L&rsquo;imagination est actuellement facilit\u00e9e par la pr\u00e9sence des bungalows de la RATP.<\/p>\n<h3><a href=\"http:\/\/polegaresaintremy.fr\/cms1\/wp-content\/uploads\/2016\/09\/20160903_122707.jpg\" rel=\"attachment wp-att-447\"><img decoding=\"async\" loading=\"lazy\" class=\"alignnone size-full wp-image-447\" src=\"http:\/\/polegaresaintremy.fr\/cms1\/wp-content\/uploads\/2016\/09\/20160903_122707.jpg\" alt=\"Face_Jean-Racine\" width=\"3264\" height=\"1836\" srcset=\"https:\/\/polegaresaintremy.fr\/cms1\/wp-content\/uploads\/2016\/09\/20160903_122707.jpg 3264w, https:\/\/polegaresaintremy.fr\/cms1\/wp-content\/uploads\/2016\/09\/20160903_122707-300x169.jpg 300w, https:\/\/polegaresaintremy.fr\/cms1\/wp-content\/uploads\/2016\/09\/20160903_122707-768x432.jpg 768w, https:\/\/polegaresaintremy.fr\/cms1\/wp-content\/uploads\/2016\/09\/20160903_122707-1024x576.jpg 1024w\" sizes=\"(max-width: 3264px) 100vw, 3264px\" \/><\/a><\/h3>\n<h3><span style=\"color: #008000;\">5. Illustration d&rsquo;un train au bout de la rue Ditte (voie 4T)<\/span><\/h3>\n<p><a href=\"http:\/\/polegaresaintremy.fr\/cms1\/wp-content\/uploads\/2016\/09\/20160904-RERB-Saint-R\u00e9my-forum_Page_1.png\" rel=\"attachment wp-att-445\"><img decoding=\"async\" loading=\"lazy\" class=\"alignnone size-full wp-image-445\" src=\"http:\/\/polegaresaintremy.fr\/cms1\/wp-content\/uploads\/2016\/09\/20160904-RERB-Saint-R\u00e9my-forum_Page_1.png\" alt=\"20160904-RERB-Saint-R\u00e9my-forum_Page_1\" width=\"2420\" height=\"1870\" srcset=\"https:\/\/polegaresaintremy.fr\/cms1\/wp-content\/uploads\/2016\/09\/20160904-RERB-Saint-R\u00e9my-forum_Page_1.png 2420w, https:\/\/polegaresaintremy.fr\/cms1\/wp-content\/uploads\/2016\/09\/20160904-RERB-Saint-R\u00e9my-forum_Page_1-300x232.png 300w, https:\/\/polegaresaintremy.fr\/cms1\/wp-content\/uploads\/2016\/09\/20160904-RERB-Saint-R\u00e9my-forum_Page_1-768x593.png 768w, https:\/\/polegaresaintremy.fr\/cms1\/wp-content\/uploads\/2016\/09\/20160904-RERB-Saint-R\u00e9my-forum_Page_1-1024x791.png 1024w\" sizes=\"(max-width: 2420px) 100vw, 2420px\" \/><\/a><a href=\"http:\/\/polegaresaintremy.fr\/cms1\/wp-content\/uploads\/2016\/09\/20160904-RERB-Saint-R\u00e9my-forum_Page_2.png\" rel=\"attachment wp-att-435\"><img decoding=\"async\" loading=\"lazy\" class=\"alignnone size-full wp-image-435\" src=\"http:\/\/polegaresaintremy.fr\/cms1\/wp-content\/uploads\/2016\/09\/20160904-RERB-Saint-R\u00e9my-forum_Page_2.png\" alt=\"20160904-RERB-Saint-R\u00e9my-forum_Page_2\" width=\"2420\" height=\"1870\" srcset=\"https:\/\/polegaresaintremy.fr\/cms1\/wp-content\/uploads\/2016\/09\/20160904-RERB-Saint-R\u00e9my-forum_Page_2.png 2420w, https:\/\/polegaresaintremy.fr\/cms1\/wp-content\/uploads\/2016\/09\/20160904-RERB-Saint-R\u00e9my-forum_Page_2-300x232.png 300w, https:\/\/polegaresaintremy.fr\/cms1\/wp-content\/uploads\/2016\/09\/20160904-RERB-Saint-R\u00e9my-forum_Page_2-768x593.png 768w, https:\/\/polegaresaintremy.fr\/cms1\/wp-content\/uploads\/2016\/09\/20160904-RERB-Saint-R\u00e9my-forum_Page_2-1024x791.png 1024w\" sizes=\"(max-width: 2420px) 100vw, 2420px\" \/><\/a><a href=\"http:\/\/polegaresaintremy.fr\/cms1\/wp-content\/uploads\/2016\/09\/20160904-RERB-Saint-R\u00e9my-forum_Page_3.png\" rel=\"attachment wp-att-436\"><img decoding=\"async\" loading=\"lazy\" class=\"alignnone size-full wp-image-436\" src=\"http:\/\/polegaresaintremy.fr\/cms1\/wp-content\/uploads\/2016\/09\/20160904-RERB-Saint-R\u00e9my-forum_Page_3.png\" alt=\"20160904-RERB-Saint-R\u00e9my-forum_Page_3\" width=\"2420\" height=\"1870\" srcset=\"https:\/\/polegaresaintremy.fr\/cms1\/wp-content\/uploads\/2016\/09\/20160904-RERB-Saint-R\u00e9my-forum_Page_3.png 2420w, https:\/\/polegaresaintremy.fr\/cms1\/wp-content\/uploads\/2016\/09\/20160904-RERB-Saint-R\u00e9my-forum_Page_3-300x232.png 300w, https:\/\/polegaresaintremy.fr\/cms1\/wp-content\/uploads\/2016\/09\/20160904-RERB-Saint-R\u00e9my-forum_Page_3-768x593.png 768w, https:\/\/polegaresaintremy.fr\/cms1\/wp-content\/uploads\/2016\/09\/20160904-RERB-Saint-R\u00e9my-forum_Page_3-1024x791.png 1024w\" sizes=\"(max-width: 2420px) 100vw, 2420px\" \/><\/a><\/p>\n<h3><span style=\"color: #008000;\">6. Et au fait&#8230; les trains seront aussi gar\u00e9s l\u00e0 en journ\u00e9e pendant les WE et cong\u00e8s<\/span><\/h3>\n<figure id=\"attachment_506\" aria-describedby=\"caption-attachment-506\" style=\"width: 1024px\" class=\"wp-caption alignnone\"><a href=\"http:\/\/polegaresaintremy.fr\/cms1\/wp-content\/uploads\/2016\/09\/2016_07_23GareSRC.jpg\"><img decoding=\"async\" loading=\"lazy\" class=\"wp-image-506 size-full\" src=\"http:\/\/polegaresaintremy.fr\/cms1\/wp-content\/uploads\/2016\/09\/2016_07_23GareSRC.jpg\" alt=\"- la gare le jour et ses trains gar\u00e9s\" width=\"1024\" height=\"768\" srcset=\"https:\/\/polegaresaintremy.fr\/cms1\/wp-content\/uploads\/2016\/09\/2016_07_23GareSRC.jpg 1024w, https:\/\/polegaresaintremy.fr\/cms1\/wp-content\/uploads\/2016\/09\/2016_07_23GareSRC-300x225.jpg 300w, https:\/\/polegaresaintremy.fr\/cms1\/wp-content\/uploads\/2016\/09\/2016_07_23GareSRC-768x576.jpg 768w\" sizes=\"(max-width: 1024px) 100vw, 1024px\" \/><\/a><figcaption id=\"caption-attachment-506\" class=\"wp-caption-text\">2016_07_23<\/figcaption><\/figure>\n<p>Les 3 trains au premier plan sont sur les voies de garages. Ils ne sont pas partis ce matin mais ils sont pr\u00eats si besoin, et donc ils \u00ab\u00a0ronflent\u00a0\u00bb.<\/p>\n<p><a href=\"http:\/\/polegaresaintremy.fr\/cms1\/index.php\/accueil\/le-projet-actuel-en-une-image-cliquer-pour-agrandir\/\">Retour vers les projets<\/a><\/p>\n","protected":false},"excerpt":{"rendered":"<p>Plan de cette page : Rappel de la phase 2 dans l&rsquo;ensemble des projets de la RATP Illustration des impacts vu du ciel Vues locales le long de la rue Ditte \u00e0 partir des sections publiques et de l&rsquo;existant Illustration de la pr\u00e9sence d&rsquo;un train en face de Jean-Racine (voies 10 et 12) Illustration d&rsquo;un &hellip; <a href=\"https:\/\/polegaresaintremy.fr\/cms1\/index.php\/accueil\/le-projet-actuel-en-une-image-cliquer-pour-agrandir\/446-2\/\" class=\"more-link\">Continue reading <span class=\"screen-reader-text\">Illustration de la Phase 2<\/span><\/a><\/p>\n","protected":false},"author":1,"featured_media":0,"parent":47,"menu_order":1,"comment_status":"closed","ping_status":"closed","template":"","meta":{"_bbp_topic_count":0,"_bbp_reply_count":0,"_bbp_total_topic_count":0,"_bbp_total_reply_count":0,"_bbp_voice_count":0,"_bbp_anonymous_reply_count":0,"_bbp_topic_count_hidden":0,"_bbp_reply_count_hidden":0,"_bbp_forum_subforum_count":0},"_links":{"self":[{"href":"https:\/\/polegaresaintremy.fr\/cms1\/index.php\/wp-json\/wp\/v2\/pages\/446"}],"collection":[{"href":"https:\/\/polegaresaintremy.fr\/cms1\/index.php\/wp-json\/wp\/v2\/pages"}],"about":[{"href":"https:\/\/polegaresaintremy.fr\/cms1\/index.php\/wp-json\/wp\/v2\/types\/page"}],"author":[{"embeddable":true,"href":"https:\/\/polegaresaintremy.fr\/cms1\/index.php\/wp-json\/wp\/v2\/users\/1"}],"replies":[{"embeddable":true,"href":"https:\/\/polegaresaintremy.fr\/cms1\/index.php\/wp-json\/wp\/v2\/comments?post=446"}],"version-history":[{"count":9,"href":"https:\/\/polegaresaintremy.fr\/cms1\/index.php\/wp-json\/wp\/v2\/pages\/446\/revisions"}],"predecessor-version":[{"id":1266,"href":"https:\/\/polegaresaintremy.fr\/cms1\/index.php\/wp-json\/wp\/v2\/pages\/446\/revisions\/1266"}],"up":[{"embeddable":true,"href":"https:\/\/polegaresaintremy.fr\/cms1\/index.php\/wp-json\/wp\/v2\/pages\/47"}],"wp:attachment":[{"href":"https:\/\/polegaresaintremy.fr\/cms1\/index.php\/wp-json\/wp\/v2\/media?parent=446"}],"curies":[{"name":"wp","href":"https:\/\/api.w.org\/{rel}","templated":true}]}}