{"id":41,"date":"2015-11-01T16:10:24","date_gmt":"2015-11-01T15:10:24","guid":{"rendered":"http:\/\/polegaresaintremy.fr\/cms1\/?page_id=41"},"modified":"2025-01-19T19:17:23","modified_gmt":"2025-01-19T18:17:23","slug":"contact","status":"publish","type":"page","link":"https:\/\/polegaresaintremy.fr\/cms1\/index.php\/accueil\/le-collectif-qui-sommes-nous\/contact\/","title":{"rendered":"Contact"},"content":{"rendered":"<div class=\"pdfprnt-buttons pdfprnt-buttons-page pdfprnt-top-right\"><a href=\"https:\/\/polegaresaintremy.fr\/cms1\/index.php\/wp-json\/wp\/v2\/pages\/41?print=pdf\" class=\"pdfprnt-button pdfprnt-button-pdf\" target=\"_blank\"><img src=\"http:\/\/polegaresaintremy.fr\/cms1\/wp-content\/plugins\/pdf-print\/images\/pdf.png\" alt=\"image_pdf\" title=\"View PDF\" \/><\/a><a href=\"https:\/\/polegaresaintremy.fr\/cms1\/index.php\/wp-json\/wp\/v2\/pages\/41?print=print\" class=\"pdfprnt-button pdfprnt-button-print\" target=\"_blank\"><img src=\"http:\/\/polegaresaintremy.fr\/cms1\/wp-content\/plugins\/pdf-print\/images\/print.png\" alt=\"image_print\" title=\"Print Content\" \/><\/a><\/div><p>Adresse mail pour nous contacter : <strong><span style=\"color: #008000;\"><a style=\"color: #008000;\" href=\"mailto:contact@polegaresaintremy.fr\">contact@polegaresaintremy.fr<\/a><\/span><\/strong><\/p>\n<ul>\n<li><strong><em>Vous souhaitez adh\u00e9rer au Collectif pour\u00a0soutenir notre action\u00a0?\u00a0<\/em><\/strong>\n<ul>\n<li>Compl\u00e9tez notre bulletin d&rsquo;adh\u00e9sion\u00a0<a href=\"http:\/\/polegaresaintremy.fr\/cms1\/wp-content\/uploads\/2025\/01\/Bulletin-2024-2025-adhesion_double.pdf\">Bulletin 2024-2025<\/a> et :\n<ul>\n<li>soit vous l&rsquo;envoyez \u00e0 l&rsquo;adresse indiqu\u00e9e avec votre cotisation<\/li>\n<li>soit faite un virement sur le RIB indiqu\u00e9 sur le bulletin et vous nous en informez par <a href=\"mailto:contact@polegaresaintremy.fr\">mail<\/a><\/li>\n<\/ul>\n<\/li>\n<li>Passez le mot aux personnes qui pourraient selon vous soutenir aussi le Collectif.<\/li>\n<\/ul>\n<\/li>\n<li><em><strong>Vous souhaitez aussi contribuer \u00e0 nos actions ?<\/strong> <\/em>\n<ul>\n<li>Indiquez le dans votre mail en pr\u00e9cisant vos propositions.<\/li>\n<\/ul>\n<\/li>\n<li><em><strong>Vous souhaitez aussi contribuer \u00e0\u00a0notre site ?<\/strong> <\/em>\n<ul>\n<li>Inscrivez-vous sur ce site (lien en bas \u00e0 gauche dans la section META) ou contactez-nous par mail.<br \/>\nNous vous renverrons rapidement vos identifiants pour que vous puissiez commencer !<\/li>\n<li>Proposez-nous des liens, des suggestions d&rsquo;articles,&#8230;<\/li>\n<\/ul>\n<\/li>\n<\/ul>\n<p><em>Yohann P\u00e9tillon<\/em><\/p>\n","protected":false},"excerpt":{"rendered":"<p>Adresse mail pour nous contacter : contact@polegaresaintremy.fr Vous souhaitez adh\u00e9rer au Collectif pour\u00a0soutenir notre action\u00a0?\u00a0 Compl\u00e9tez notre bulletin d&rsquo;adh\u00e9sion\u00a0Bulletin 2024-2025 et : soit vous l&rsquo;envoyez \u00e0 l&rsquo;adresse indiqu\u00e9e avec votre cotisation soit faite un virement sur le RIB indiqu\u00e9 sur le bulletin et vous nous en informez par mail Passez le mot aux personnes qui &hellip; <a href=\"https:\/\/polegaresaintremy.fr\/cms1\/index.php\/accueil\/le-collectif-qui-sommes-nous\/contact\/\" class=\"more-link\">Continue reading <span class=\"screen-reader-text\">Contact<\/span><\/a><\/p>\n","protected":false},"author":1,"featured_media":0,"parent":18,"menu_order":1020,"comment_status":"closed","ping_status":"closed","template":"","meta":{"_bbp_topic_count":0,"_bbp_reply_count":0,"_bbp_total_topic_count":0,"_bbp_total_reply_count":0,"_bbp_voice_count":0,"_bbp_anonymous_reply_count":0,"_bbp_topic_count_hidden":0,"_bbp_reply_count_hidden":0,"_bbp_forum_subforum_count":0},"_links":{"self":[{"href":"https:\/\/polegaresaintremy.fr\/cms1\/index.php\/wp-json\/wp\/v2\/pages\/41"}],"collection":[{"href":"https:\/\/polegaresaintremy.fr\/cms1\/index.php\/wp-json\/wp\/v2\/pages"}],"about":[{"href":"https:\/\/polegaresaintremy.fr\/cms1\/index.php\/wp-json\/wp\/v2\/types\/page"}],"author":[{"embeddable":true,"href":"https:\/\/polegaresaintremy.fr\/cms1\/index.php\/wp-json\/wp\/v2\/users\/1"}],"replies":[{"embeddable":true,"href":"https:\/\/polegaresaintremy.fr\/cms1\/index.php\/wp-json\/wp\/v2\/comments?post=41"}],"version-history":[{"count":14,"href":"https:\/\/polegaresaintremy.fr\/cms1\/index.php\/wp-json\/wp\/v2\/pages\/41\/revisions"}],"predecessor-version":[{"id":11738,"href":"https:\/\/polegaresaintremy.fr\/cms1\/index.php\/wp-json\/wp\/v2\/pages\/41\/revisions\/11738"}],"up":[{"embeddable":true,"href":"https:\/\/polegaresaintremy.fr\/cms1\/index.php\/wp-json\/wp\/v2\/pages\/18"}],"wp:attachment":[{"href":"https:\/\/polegaresaintremy.fr\/cms1\/index.php\/wp-json\/wp\/v2\/media?parent=41"}],"curies":[{"name":"wp","href":"https:\/\/api.w.org\/{rel}","templated":true}]}}