{"id":31,"date":"2015-11-01T15:53:37","date_gmt":"2015-11-01T14:53:37","guid":{"rendered":"http:\/\/polegaresaintremy.fr\/cms1\/?page_id=31"},"modified":"2016-09-10T09:44:52","modified_gmt":"2016-09-10T08:44:52","slug":"sites-dinformation","status":"publish","type":"page","link":"https:\/\/polegaresaintremy.fr\/cms1\/index.php\/accueil\/sites-dinformation\/","title":{"rendered":"Sites d&rsquo;information"},"content":{"rendered":"<div class=\"pdfprnt-buttons pdfprnt-buttons-page pdfprnt-top-right\"><a href=\"https:\/\/polegaresaintremy.fr\/cms1\/index.php\/wp-json\/wp\/v2\/pages\/31?print=pdf\" class=\"pdfprnt-button pdfprnt-button-pdf\" target=\"_blank\"><img src=\"http:\/\/polegaresaintremy.fr\/cms1\/wp-content\/plugins\/pdf-print\/images\/pdf.png\" alt=\"image_pdf\" title=\"View PDF\" \/><\/a><a href=\"https:\/\/polegaresaintremy.fr\/cms1\/index.php\/wp-json\/wp\/v2\/pages\/31?print=print\" class=\"pdfprnt-button pdfprnt-button-print\" target=\"_blank\"><img src=\"http:\/\/polegaresaintremy.fr\/cms1\/wp-content\/plugins\/pdf-print\/images\/print.png\" alt=\"image_print\" title=\"Print Content\" \/><\/a><\/div><p><span style=\"color: #008000;\"><em>Les sites d&rsquo;information concernant le projet et les transports d&rsquo;Ile-de-France<br \/>\n<\/em><\/span><\/p>\n<h3><span style=\"color: #008000;\"><em> Sites d&rsquo;information o\u00f9 trouver plus d&rsquo;informations importantes sur ces projets (avec des avis):<\/em><\/span><\/h3>\n<p><a href=\"http:\/\/www.ville-st-remy-chevreuse.fr\/vie-pratique\/circulation-transports\/projet-gare-ratp-2015.html\" target=\"_blank\">Mairie Saint-R\u00e9my<\/a><\/p>\n<p><a href=\"http:\/\/assorerb.jimdo.com\/\" target=\"_blank\">COURB (association des usagers du RERB)<\/a><\/p>\n<h3><span style=\"color: #008000;\"><em>Autres liens d&rsquo;administrations int\u00e9ressants:<\/em><\/span><\/h3>\n<p><a href=\"http:\/\/www.cgedd.developpement-durable.gouv.fr\/2014-les-dossiers-qui-ont-fait-l-objet-d-un-examen-a1662.html\" target=\"_blank\">CGEDD et la RATP<\/a><\/p>\n<p><a href=\"http:\/\/www.ratp.fr\/fr\/ratp\/r_33841\/le-grand-paris-express\/\" target=\"_blank\">RATP &#8211; Le &lsquo;Grand Paris&rsquo;<\/a><\/p>\n<p><a href=\"http:\/\/www.stif.org\/developpements-et-avenir\/nouveau-grand-paris\/train-rer\/projets\/article\/ligne-b.html\" target=\"_blank\">Le STIF et les projets RERB sud<\/a><br \/>\n(STIF: Syndicat des Transports d&rsquo;Ile de France qui organise et finance les transports en commun)<\/p>\n<p><a href=\"http:\/\/www.driee.ile-de-france.developpement-durable.gouv.fr\/\" target=\"_blank\">La DRIEE (<\/a>Direction R\u00e9gionale et Interd\u00e9partementale de l\u2019Environnement et de l\u2019Energie)<\/p>\n<h3 class=\"entry-title\"><span style=\"color: #008000;\"><em>Enfin, nous incluons progressivement sur la page suivante des informations sur le contexte des transports franciliens: <\/em><\/span><\/h3>\n<p><a href=\"http:\/\/polegaresaintremy.fr\/cms1\/index.php\/accueil\/sites-dinformation\/contexte-des-transports-idf\/\" target=\"_blank\">Contexte des Transports d&rsquo;Ile-de-France<\/a><\/p>\n","protected":false},"excerpt":{"rendered":"<p>Les sites d&rsquo;information concernant le projet et les transports d&rsquo;Ile-de-France Sites d&rsquo;information o\u00f9 trouver plus d&rsquo;informations importantes sur ces projets (avec des avis): Mairie Saint-R\u00e9my COURB (association des usagers du RERB) Autres liens d&rsquo;administrations int\u00e9ressants: CGEDD et la RATP RATP &#8211; Le &lsquo;Grand Paris&rsquo; Le STIF et les projets RERB sud (STIF: Syndicat des Transports &hellip; <a href=\"https:\/\/polegaresaintremy.fr\/cms1\/index.php\/accueil\/sites-dinformation\/\" class=\"more-link\">Continue reading <span class=\"screen-reader-text\">Sites d&rsquo;information<\/span><\/a><\/p>\n","protected":false},"author":1,"featured_media":0,"parent":2,"menu_order":30,"comment_status":"closed","ping_status":"closed","template":"","meta":{"_bbp_topic_count":0,"_bbp_reply_count":0,"_bbp_total_topic_count":0,"_bbp_total_reply_count":0,"_bbp_voice_count":0,"_bbp_anonymous_reply_count":0,"_bbp_topic_count_hidden":0,"_bbp_reply_count_hidden":0,"_bbp_forum_subforum_count":0},"_links":{"self":[{"href":"https:\/\/polegaresaintremy.fr\/cms1\/index.php\/wp-json\/wp\/v2\/pages\/31"}],"collection":[{"href":"https:\/\/polegaresaintremy.fr\/cms1\/index.php\/wp-json\/wp\/v2\/pages"}],"about":[{"href":"https:\/\/polegaresaintremy.fr\/cms1\/index.php\/wp-json\/wp\/v2\/types\/page"}],"author":[{"embeddable":true,"href":"https:\/\/polegaresaintremy.fr\/cms1\/index.php\/wp-json\/wp\/v2\/users\/1"}],"replies":[{"embeddable":true,"href":"https:\/\/polegaresaintremy.fr\/cms1\/index.php\/wp-json\/wp\/v2\/comments?post=31"}],"version-history":[{"count":14,"href":"https:\/\/polegaresaintremy.fr\/cms1\/index.php\/wp-json\/wp\/v2\/pages\/31\/revisions"}],"predecessor-version":[{"id":489,"href":"https:\/\/polegaresaintremy.fr\/cms1\/index.php\/wp-json\/wp\/v2\/pages\/31\/revisions\/489"}],"up":[{"embeddable":true,"href":"https:\/\/polegaresaintremy.fr\/cms1\/index.php\/wp-json\/wp\/v2\/pages\/2"}],"wp:attachment":[{"href":"https:\/\/polegaresaintremy.fr\/cms1\/index.php\/wp-json\/wp\/v2\/media?parent=31"}],"curies":[{"name":"wp","href":"https:\/\/api.w.org\/{rel}","templated":true}]}}