{"id":264,"date":"2016-01-02T16:58:07","date_gmt":"2016-01-02T15:58:07","guid":{"rendered":"http:\/\/polegaresaintremy.fr\/cms1\/?page_id=264"},"modified":"2016-01-02T16:58:07","modified_gmt":"2016-01-02T15:58:07","slug":"contexte-des-transports-idf","status":"publish","type":"page","link":"https:\/\/polegaresaintremy.fr\/cms1\/index.php\/accueil\/sites-dinformation\/contexte-des-transports-idf\/","title":{"rendered":"Contexte des Transports Ile-de-France"},"content":{"rendered":"<div class=\"pdfprnt-buttons pdfprnt-buttons-page pdfprnt-top-right\"><a href=\"https:\/\/polegaresaintremy.fr\/cms1\/index.php\/wp-json\/wp\/v2\/pages\/264?print=pdf\" class=\"pdfprnt-button pdfprnt-button-pdf\" target=\"_blank\"><img src=\"http:\/\/polegaresaintremy.fr\/cms1\/wp-content\/plugins\/pdf-print\/images\/pdf.png\" alt=\"image_pdf\" title=\"View PDF\" \/><\/a><a href=\"https:\/\/polegaresaintremy.fr\/cms1\/index.php\/wp-json\/wp\/v2\/pages\/264?print=print\" class=\"pdfprnt-button pdfprnt-button-print\" target=\"_blank\"><img src=\"http:\/\/polegaresaintremy.fr\/cms1\/wp-content\/plugins\/pdf-print\/images\/print.png\" alt=\"image_print\" title=\"Print Content\" \/><\/a><\/div><p style=\"text-align: left;\">Afin de donner des informations sur le contexte des transports, cette page liste des informations g\u00e9n\u00e9rales sur les transports d&rsquo;Ile-de-France et d&rsquo;autres projets similaires \u00e0 celui de la RATP pour Saint-R\u00e9my.<\/p>\n<h2 style=\"text-align: left;\">1\/ UFC Que Choisir : Le pire est \u00e0 venir pour la saturation des transports franciliens aux horaires de bureaux.<\/h2>\n<p style=\"text-align: left;\"><a href=\"http:\/\/www.quechoisir.org\/transport\/train-route\/actualite-transports-franciliens-pourquoi-le-pire-est-a-venir?utm_medium=email&amp;utm_source=nlh&amp;utm_campaign=nlh151210\" target=\"_blank\"><img decoding=\"async\" loading=\"lazy\" class=\"alignleft\" title=\"Contexte des transports : UFC alerte sur les Flux EST-OUEST\" src=\"http:\/\/polegaresaintremy.fr\/cms1\/wp-content\/uploads\/2016\/01\/transports-franciliens-le-grand-desequilibre-est-ouest.jpg\" alt=\"Contexte des transports : UFC alerte sur les Flux EST-OUEST\" width=\"406\" height=\"396\" \/><\/a>Source\u00a0: <em><a href=\"http:\/\/www.quechoisir.org\/transport\/train-route\/actualite-transports-franciliens-pourquoi-le-pire-est-a-venir\" target=\"_blank\">Transports franciliens &#8211; Pourquoi le pire est \u00e0 venir &#8211; UFC Que Choisir<\/a><\/em><\/p>\n","protected":false},"excerpt":{"rendered":"<p>Afin de donner des informations sur le contexte des transports, cette page liste des informations g\u00e9n\u00e9rales sur les transports d&rsquo;Ile-de-France et d&rsquo;autres projets similaires \u00e0 celui de la RATP pour Saint-R\u00e9my. 1\/ UFC Que Choisir : Le pire est \u00e0 venir pour la saturation des transports franciliens aux horaires de bureaux. Source\u00a0: Transports franciliens &#8211; &hellip; <a href=\"https:\/\/polegaresaintremy.fr\/cms1\/index.php\/accueil\/sites-dinformation\/contexte-des-transports-idf\/\" class=\"more-link\">Continue reading <span class=\"screen-reader-text\">Contexte des Transports Ile-de-France<\/span><\/a><\/p>\n","protected":false},"author":2,"featured_media":0,"parent":31,"menu_order":35,"comment_status":"closed","ping_status":"closed","template":"","meta":{"_bbp_topic_count":0,"_bbp_reply_count":0,"_bbp_total_topic_count":0,"_bbp_total_reply_count":0,"_bbp_voice_count":0,"_bbp_anonymous_reply_count":0,"_bbp_topic_count_hidden":0,"_bbp_reply_count_hidden":0,"_bbp_forum_subforum_count":0},"_links":{"self":[{"href":"https:\/\/polegaresaintremy.fr\/cms1\/index.php\/wp-json\/wp\/v2\/pages\/264"}],"collection":[{"href":"https:\/\/polegaresaintremy.fr\/cms1\/index.php\/wp-json\/wp\/v2\/pages"}],"about":[{"href":"https:\/\/polegaresaintremy.fr\/cms1\/index.php\/wp-json\/wp\/v2\/types\/page"}],"author":[{"embeddable":true,"href":"https:\/\/polegaresaintremy.fr\/cms1\/index.php\/wp-json\/wp\/v2\/users\/2"}],"replies":[{"embeddable":true,"href":"https:\/\/polegaresaintremy.fr\/cms1\/index.php\/wp-json\/wp\/v2\/comments?post=264"}],"version-history":[{"count":3,"href":"https:\/\/polegaresaintremy.fr\/cms1\/index.php\/wp-json\/wp\/v2\/pages\/264\/revisions"}],"predecessor-version":[{"id":269,"href":"https:\/\/polegaresaintremy.fr\/cms1\/index.php\/wp-json\/wp\/v2\/pages\/264\/revisions\/269"}],"up":[{"embeddable":true,"href":"https:\/\/polegaresaintremy.fr\/cms1\/index.php\/wp-json\/wp\/v2\/pages\/31"}],"wp:attachment":[{"href":"https:\/\/polegaresaintremy.fr\/cms1\/index.php\/wp-json\/wp\/v2\/media?parent=264"}],"curies":[{"name":"wp","href":"https:\/\/api.w.org\/{rel}","templated":true}]}}