{"id":2,"date":"2015-11-01T11:55:41","date_gmt":"2015-11-01T10:55:41","guid":{"rendered":"http:\/\/polegaresaintremy.fr\/cms1\/?page_id=2"},"modified":"2017-01-10T20:38:15","modified_gmt":"2017-01-10T19:38:15","slug":"accueil","status":"publish","type":"page","link":"https:\/\/polegaresaintremy.fr\/cms1\/index.php\/accueil\/","title":{"rendered":"Collectif d&rsquo;Associations et de Riverains"},"content":{"rendered":"<div class=\"pdfprnt-buttons pdfprnt-buttons-page pdfprnt-top-right\"><a href=\"https:\/\/polegaresaintremy.fr\/cms1\/index.php\/wp-json\/wp\/v2\/pages\/2?print=pdf\" class=\"pdfprnt-button pdfprnt-button-pdf\" target=\"_blank\"><img src=\"http:\/\/polegaresaintremy.fr\/cms1\/wp-content\/plugins\/pdf-print\/images\/pdf.png\" alt=\"image_pdf\" title=\"View PDF\" \/><\/a><a href=\"https:\/\/polegaresaintremy.fr\/cms1\/index.php\/wp-json\/wp\/v2\/pages\/2?print=print\" class=\"pdfprnt-button pdfprnt-button-print\" target=\"_blank\"><img src=\"http:\/\/polegaresaintremy.fr\/cms1\/wp-content\/plugins\/pdf-print\/images\/print.png\" alt=\"image_print\" title=\"Print Content\" \/><\/a><\/div><h2><span style=\"color: #008000;\">Pour un nouveau projet de Gare \u00e0 Saint-R\u00e9my<\/span><a href=\"http:\/\/polegaresaintremy.fr\/cms1\/wp-content\/uploads\/2015\/11\/edito3-carr\u00e9.jpg\"><img decoding=\"async\" loading=\"lazy\" class=\" wp-image-86 alignright\" src=\"http:\/\/polegaresaintremy.fr\/cms1\/wp-content\/uploads\/2015\/11\/edito3-carr\u00e9-300x249.jpg\" alt=\"edito3 carr\u00e9\" width=\"224\" height=\"186\" srcset=\"https:\/\/polegaresaintremy.fr\/cms1\/wp-content\/uploads\/2015\/11\/edito3-carr\u00e9-300x249.jpg 300w, https:\/\/polegaresaintremy.fr\/cms1\/wp-content\/uploads\/2015\/11\/edito3-carr\u00e9.jpg 351w\" sizes=\"(max-width: 224px) 100vw, 224px\" \/><\/a><\/h2>\n<p><em>Lanc\u00e9 le 8 juillet 2015 par le Conseil d&rsquo;Administration du STIF, le projet actuellement\u00a0pr\u00e9vu par\u00a0la RATP fera\u00a0circuler des trains \u00e0 vide de Saint-R\u00e9my jusqu&rsquo;\u00e0 Orsay.<\/em><\/p>\n<p><em>Ce projet, jug\u00e9 pharaonique,&#8230;<br \/>\n <\/em><em>\u00a0 &#8230;va d\u00e9figurer le centre de Saint-R\u00e9my<br \/>\n <\/em><em>\u00a0 &#8230;ne va pas am\u00e9liorer la vie des usagers<br \/>\n <\/em><em>\u00a0 &#8230;va gaspiller de l&rsquo;argent public<\/em><\/p>\n<hr \/>\n<ul>\n<li><a href=\"http:\/\/polegaresaintremy.fr\/cms1\/index.php\/accueil\/le-projet-actuel-en-une-image-cliquer-pour-agrandir\/\">Le projet r\u00e9sum\u00e9 en une image<\/a><\/li>\n<li><a href=\"http:\/\/polegaresaintremy.fr\/cms1\/index.php\/accueil\/sites-dinformation\/\">Sites d&rsquo;information sur ce sujet<\/a><\/li>\n<li>\u00c9v\u00e9nements majeurs\u00a0: <a href=\"http:\/\/polegaresaintremy.fr\/cms1\/index.php\/accueil\/historique-des-evenements\/\">pass\u00e9s <\/a>et <a href=\"http:\/\/polegaresaintremy.fr\/cms1\/index.php\/accueil\/calendrier-des-futurs-evenements-majeurs\/\">futurs<\/a><\/li>\n<li><span style=\"color: #008000;\"><a href=\"http:\/\/polegaresaintremy.fr\/cms1\/index.php\/accueil\/evenements-majeurs\/prochains-rendez-vous-du-collectif\/\">Prochains rendez-vous du Collectif<\/a><\/span><\/li>\n<li><a href=\"http:\/\/polegaresaintremy.fr\/cms1\/index.php\/accueil\/le-collectif-qui-sommes-nous\/contact\/\">Nous contacter<\/a><\/li>\n<\/ul>\n","protected":false},"excerpt":{"rendered":"<p>Pour un nouveau projet de Gare \u00e0 Saint-R\u00e9my Lanc\u00e9 le 8 juillet 2015 par le Conseil d&rsquo;Administration du STIF, le projet actuellement\u00a0pr\u00e9vu par\u00a0la RATP fera\u00a0circuler des trains \u00e0 vide de Saint-R\u00e9my jusqu&rsquo;\u00e0 Orsay. Ce projet, jug\u00e9 pharaonique,&#8230; \u00a0 &#8230;va d\u00e9figurer le centre de Saint-R\u00e9my \u00a0 &#8230;ne va pas am\u00e9liorer la vie des usagers \u00a0 &#8230;va &hellip; <a href=\"https:\/\/polegaresaintremy.fr\/cms1\/index.php\/accueil\/\" class=\"more-link\">Continue reading <span class=\"screen-reader-text\">Collectif d&rsquo;Associations et de Riverains<\/span><\/a><\/p>\n","protected":false},"author":1,"featured_media":276,"parent":0,"menu_order":0,"comment_status":"closed","ping_status":"open","template":"","meta":{"_bbp_topic_count":0,"_bbp_reply_count":0,"_bbp_total_topic_count":0,"_bbp_total_reply_count":0,"_bbp_voice_count":0,"_bbp_anonymous_reply_count":0,"_bbp_topic_count_hidden":0,"_bbp_reply_count_hidden":0,"_bbp_forum_subforum_count":0},"_links":{"self":[{"href":"https:\/\/polegaresaintremy.fr\/cms1\/index.php\/wp-json\/wp\/v2\/pages\/2"}],"collection":[{"href":"https:\/\/polegaresaintremy.fr\/cms1\/index.php\/wp-json\/wp\/v2\/pages"}],"about":[{"href":"https:\/\/polegaresaintremy.fr\/cms1\/index.php\/wp-json\/wp\/v2\/types\/page"}],"author":[{"embeddable":true,"href":"https:\/\/polegaresaintremy.fr\/cms1\/index.php\/wp-json\/wp\/v2\/users\/1"}],"replies":[{"embeddable":true,"href":"https:\/\/polegaresaintremy.fr\/cms1\/index.php\/wp-json\/wp\/v2\/comments?post=2"}],"version-history":[{"count":15,"href":"https:\/\/polegaresaintremy.fr\/cms1\/index.php\/wp-json\/wp\/v2\/pages\/2\/revisions"}],"predecessor-version":[{"id":685,"href":"https:\/\/polegaresaintremy.fr\/cms1\/index.php\/wp-json\/wp\/v2\/pages\/2\/revisions\/685"}],"wp:featuredmedia":[{"embeddable":true,"href":"https:\/\/polegaresaintremy.fr\/cms1\/index.php\/wp-json\/wp\/v2\/media\/276"}],"wp:attachment":[{"href":"https:\/\/polegaresaintremy.fr\/cms1\/index.php\/wp-json\/wp\/v2\/media?parent=2"}],"curies":[{"name":"wp","href":"https:\/\/api.w.org\/{rel}","templated":true}]}}