{"id":18,"date":"2015-11-01T14:26:06","date_gmt":"2015-11-01T13:26:06","guid":{"rendered":"http:\/\/polegaresaintremy.fr\/cms1\/?page_id=18"},"modified":"2022-01-30T23:07:13","modified_gmt":"2022-01-30T22:07:13","slug":"le-collectif-qui-sommes-nous","status":"publish","type":"page","link":"https:\/\/polegaresaintremy.fr\/cms1\/index.php\/accueil\/le-collectif-qui-sommes-nous\/","title":{"rendered":"Le Collectif : qui sommes-nous ?"},"content":{"rendered":"<div class=\"pdfprnt-buttons pdfprnt-buttons-page pdfprnt-top-right\"><a href=\"https:\/\/polegaresaintremy.fr\/cms1\/index.php\/wp-json\/wp\/v2\/pages\/18?print=pdf\" class=\"pdfprnt-button pdfprnt-button-pdf\" target=\"_blank\"><img src=\"http:\/\/polegaresaintremy.fr\/cms1\/wp-content\/plugins\/pdf-print\/images\/pdf.png\" alt=\"image_pdf\" title=\"View PDF\" \/><\/a><a href=\"https:\/\/polegaresaintremy.fr\/cms1\/index.php\/wp-json\/wp\/v2\/pages\/18?print=print\" class=\"pdfprnt-button pdfprnt-button-print\" target=\"_blank\"><img src=\"http:\/\/polegaresaintremy.fr\/cms1\/wp-content\/plugins\/pdf-print\/images\/print.png\" alt=\"image_print\" title=\"Print Content\" \/><\/a><\/div><p><span style=\"color: #008000;\">Le &lsquo;COLLECTIF&rsquo; est une association dont l&rsquo;objet est <\/span>:<\/p>\n<ul>\n<li>De participer aux d\u00e9bats et r\u00e9flexions portant sur les am\u00e9nagements de la Gare de Saint-R\u00e9my-l\u00e8s-Chevreuse et de son environnement, qu\u2019il s\u2019agisse des infrastructures ferroviaires ou non-ferroviaires.<\/li>\n<li>De veiller en priorit\u00e9 :\n<ul>\n<li>\u00e0 la pr\u00e9servation du site inscrit de la Vall\u00e9e de Chevreuse et du cadre de vie des habitants,<\/li>\n<li>\u00e0 la limitation des nuisances apport\u00e9es par les infrastructures,<\/li>\n<li>\u00e0 l\u2019am\u00e9lioration des conditions d\u2019utilisation de la Gare<\/li>\n<\/ul>\n<\/li>\n<\/ul>\n<p><a href=\"http:\/\/polegaresaintremy.fr\/cms1\/wp-content\/uploads\/2017\/06\/Statuts-association-Collectif-P\u00f4le-Gare-Saint-R\u00e9my-170610NS.pdf\" target=\"_blank\" rel=\"noopener noreferrer\">Nos Statuts<\/a><\/p>\n<p><a href=\"http:\/\/polegaresaintremy.fr\/cms1\/index.php\/conseil-dadministration\/\">Notre Conseil d&rsquo;Administration<\/a><\/p>\n<p><a href=\"http:\/\/polegaresaintremy.fr\/cms1\/index.php\/accueil\/le-collectif-qui-sommes-nous\/contact\/\">Pour nous contacter ou adh\u00e9rer<\/a><\/p>\n<p><a href=\"http:\/\/polegaresaintremy.fr\/cms1\/index.php\/accueil\/le-collectif-qui-sommes-nous\/liens-associations-impliquees-sur-ce-sujet\/\">Autres associations impliqu\u00e9es sur ce sujet<\/a><\/p>\n","protected":false},"excerpt":{"rendered":"<p>Le &lsquo;COLLECTIF&rsquo; est une association dont l&rsquo;objet est : De participer aux d\u00e9bats et r\u00e9flexions portant sur les am\u00e9nagements de la Gare de Saint-R\u00e9my-l\u00e8s-Chevreuse et de son environnement, qu\u2019il s\u2019agisse des infrastructures ferroviaires ou non-ferroviaires. De veiller en priorit\u00e9 : \u00e0 la pr\u00e9servation du site inscrit de la Vall\u00e9e de Chevreuse et du cadre de &hellip; <a href=\"https:\/\/polegaresaintremy.fr\/cms1\/index.php\/accueil\/le-collectif-qui-sommes-nous\/\" class=\"more-link\">Continue reading <span class=\"screen-reader-text\">Le Collectif : qui sommes-nous ?<\/span><\/a><\/p>\n","protected":false},"author":1,"featured_media":0,"parent":2,"menu_order":100,"comment_status":"closed","ping_status":"closed","template":"","meta":{"_bbp_topic_count":0,"_bbp_reply_count":0,"_bbp_total_topic_count":0,"_bbp_total_reply_count":0,"_bbp_voice_count":0,"_bbp_anonymous_reply_count":0,"_bbp_topic_count_hidden":0,"_bbp_reply_count_hidden":0,"_bbp_forum_subforum_count":0},"_links":{"self":[{"href":"https:\/\/polegaresaintremy.fr\/cms1\/index.php\/wp-json\/wp\/v2\/pages\/18"}],"collection":[{"href":"https:\/\/polegaresaintremy.fr\/cms1\/index.php\/wp-json\/wp\/v2\/pages"}],"about":[{"href":"https:\/\/polegaresaintremy.fr\/cms1\/index.php\/wp-json\/wp\/v2\/types\/page"}],"author":[{"embeddable":true,"href":"https:\/\/polegaresaintremy.fr\/cms1\/index.php\/wp-json\/wp\/v2\/users\/1"}],"replies":[{"embeddable":true,"href":"https:\/\/polegaresaintremy.fr\/cms1\/index.php\/wp-json\/wp\/v2\/comments?post=18"}],"version-history":[{"count":10,"href":"https:\/\/polegaresaintremy.fr\/cms1\/index.php\/wp-json\/wp\/v2\/pages\/18\/revisions"}],"predecessor-version":[{"id":1471,"href":"https:\/\/polegaresaintremy.fr\/cms1\/index.php\/wp-json\/wp\/v2\/pages\/18\/revisions\/1471"}],"up":[{"embeddable":true,"href":"https:\/\/polegaresaintremy.fr\/cms1\/index.php\/wp-json\/wp\/v2\/pages\/2"}],"wp:attachment":[{"href":"https:\/\/polegaresaintremy.fr\/cms1\/index.php\/wp-json\/wp\/v2\/media?parent=18"}],"curies":[{"name":"wp","href":"https:\/\/api.w.org\/{rel}","templated":true}]}}